{"id":2090,"date":"2019-07-14T00:00:19","date_gmt":"2019-07-13T22:00:19","guid":{"rendered":"https:\/\/lamasad.com\/?page_id=2090"},"modified":"2025-05-02T19:21:32","modified_gmt":"2025-05-02T17:21:32","slug":"education","status":"publish","type":"page","link":"https:\/\/lamasad.com\/index.php\/education\/","title":{"rendered":"Education"},"content":{"rendered":"\t\t<div data-elementor-type=\"wp-post\" data-elementor-id=\"2090\" class=\"elementor elementor-2090\" data-elementor-settings=\"[]\">\n\t\t\t\t\t\t<div class=\"elementor-inner\">\n\t\t\t\t\t\t\t<div class=\"elementor-section-wrap\">\n\t\t\t\t\t\t\t<section class=\"elementor-section elementor-top-section elementor-element elementor-element-c646f66 elementor-section-boxed elementor-section-height-default elementor-section-height-default\" data-id=\"c646f66\" data-element_type=\"section\">\n\t\t\t\t\t\t<div class=\"elementor-container elementor-column-gap-default\">\n\t\t\t\t\t\t\t<div class=\"elementor-row\">\n\t\t\t\t\t<div class=\"elementor-column elementor-col-100 elementor-top-column elementor-element elementor-element-1836532\" data-id=\"1836532\" data-element_type=\"column\">\n\t\t\t<div class=\"elementor-column-wrap elementor-element-populated\">\n\t\t\t\t\t\t\t<div class=\"elementor-widget-wrap\">\n\t\t\t\t\t\t<div class=\"elementor-element elementor-element-186249b elementor-widget elementor-widget-obfx-posts-grid\" data-id=\"186249b\" data-element_type=\"widget\" data-widget_type=\"obfx-posts-grid.default\">\n\t\t\t\t<div class=\"elementor-widget-container\">\n\t\t\t<div class=\"obfx-grid\"><div class=\"obfx-grid-container obfx-grid-mobile-1 obfx-grid-tablet-2 obfx-grid-desktop-3\"><div class=\"obfx-grid-wrapper\"><article class=\"obfx-grid-col\">\t\t\t\t\t<div class=\"obfx-grid-col-image\">\n\t\t\t\t\t\t<a href=\"https:\/\/lamasad.com\/index.php\/2015\/08\/19\/les-cancers-du-col-uterin-et-du-sein-veritables-tueurs-en-series\/\" title=\"LES CANCERS DU COL UTERIN ET DU SEIN, VERITABLES \u00ab TUEURS EN SERIES \u00bb\">\n\t\t\t\t\t\t\t<img loading=\"lazy\" decoding=\"async\" width=\"311\" height=\"162\" src=\"https:\/\/lamasad.com\/wp-content\/uploads\/2015\/08\/uterr.jpg\" class=\"img-responsive wp-post-image\" alt=\"uterr\" srcset=\"https:\/\/lamasad.com\/wp-content\/uploads\/2015\/08\/uterr.jpg 311w, https:\/\/lamasad.com\/wp-content\/uploads\/2015\/08\/uterr-300x156.jpg 300w\" sizes=\"(max-width: 311px) 100vw, 311px\" \/>\t\t\t\t\t\t<\/a>\n\t\t\t\t\t<\/div>\n\t\t\t\t<div class=\"obfx-grid-col-content\">\t\t\t<h2 class=\"entry-title obfx-grid-title\">\n\t\t\t\t\t\t\t<a href=\"https:\/\/lamasad.com\/index.php\/2015\/08\/19\/les-cancers-du-col-uterin-et-du-sein-veritables-tueurs-en-series\/\" title=\"LES CANCERS DU COL UTERIN ET DU SEIN, VERITABLES \u00ab TUEURS EN SERIES \u00bb\">\n\t\t\t\t\tLES CANCERS DU COL UTERIN ET DU SEIN, VERITABLES \u00ab TUEURS EN SERIES \u00bb\t\t\t\t<\/a>\n\t\t\t\t\t\t\t<\/h2>\n\t\t\t\t\t\t\t<div class=\"entry-meta obfx-grid-meta\">\n\n\t\t\t\t\t\t\t\t\t\t\t\t\t<span class=\"obfx-grid-author\">\n\t\t\t\t\t\t\t\t\t<i class=\"fa fa-user\"><\/i>MASAD2019\t\t\t\t\t\t\t\t<\/span>\n\t\t\t\t\t\t\t\t\t\t\t\t\t\t\t\t<span class=\"obfx-grid-date\">\n\t\t\t\t\t\t\t\t\t<i class=\"fa fa-calendar\"><\/i>19 August 2015\t\t\t\t\t\t\t\t<\/span>\n\t\t\t\t\t\t\t\t\n\t\t\t\t<\/div>\n\t\t\t\t\t\t\t<div class=\"entry-content obfx-grid-content\">\n\t\t\t\tLes Cancers du col ut\u00e9rin et du sein sont caract\u00e9ris\u00e9s par leur d\u00e9couverte tardive chez des patients jeunes dans les pays \u00e0 faible revenu comme le n\u00f4tre.\t\t\t<\/div>\n\t\t\t\t\t\t<div class=\"obfx-grid-footer\">\n\t\t\t\t<a href=\"https:\/\/lamasad.com\/index.php\/2015\/08\/19\/les-cancers-du-col-uterin-et-du-sein-veritables-tueurs-en-series\/\"\n\t\t\t\t   title=\"Lire la suite\">Lire la suite<\/a>\n\t\t\t<\/div>\n\t\t\t<\/div><!-- .obfx-grid-col-content --><\/article><\/div><div class=\"obfx-grid-wrapper\"><article class=\"obfx-grid-col\">\t\t\t\t\t<div class=\"obfx-grid-col-image\">\n\t\t\t\t\t\t<a href=\"https:\/\/lamasad.com\/index.php\/2015\/08\/19\/comment-avoir-100-pour-100-des-chances-de-reussir-un-examen-avec-mention\/\" title=\"COMMENT AVOIR 100 POUR 100 DES CHANCES DE REUSSIR UN EXAMEN AVEC MENTION\">\n\t\t\t\t\t\t\t<img loading=\"lazy\" decoding=\"async\" width=\"265\" height=\"190\" src=\"https:\/\/lamasad.com\/wp-content\/uploads\/2015\/08\/DSDSDSD.jpg\" class=\"img-responsive wp-post-image\" alt=\"DSDSDSD\" srcset=\"https:\/\/lamasad.com\/wp-content\/uploads\/2015\/08\/DSDSDSD.jpg 265w, https:\/\/lamasad.com\/wp-content\/uploads\/2015\/08\/DSDSDSD-24x17.jpg 24w, https:\/\/lamasad.com\/wp-content\/uploads\/2015\/08\/DSDSDSD-36x26.jpg 36w, https:\/\/lamasad.com\/wp-content\/uploads\/2015\/08\/DSDSDSD-48x34.jpg 48w\" sizes=\"(max-width: 265px) 100vw, 265px\" \/>\t\t\t\t\t\t<\/a>\n\t\t\t\t\t<\/div>\n\t\t\t\t<div class=\"obfx-grid-col-content\">\t\t\t<h2 class=\"entry-title obfx-grid-title\">\n\t\t\t\t\t\t\t<a href=\"https:\/\/lamasad.com\/index.php\/2015\/08\/19\/comment-avoir-100-pour-100-des-chances-de-reussir-un-examen-avec-mention\/\" title=\"COMMENT AVOIR 100 POUR 100 DES CHANCES DE REUSSIR UN EXAMEN AVEC MENTION\">\n\t\t\t\t\tCOMMENT AVOIR 100 POUR 100 DES CHANCES DE REUSSIR UN EXAMEN AVEC MENTION\t\t\t\t<\/a>\n\t\t\t\t\t\t\t<\/h2>\n\t\t\t\t\t\t\t<div class=\"entry-meta obfx-grid-meta\">\n\n\t\t\t\t\t\t\t\t\t\t\t\t\t<span class=\"obfx-grid-author\">\n\t\t\t\t\t\t\t\t\t<i class=\"fa fa-user\"><\/i>MASAD2019\t\t\t\t\t\t\t\t<\/span>\n\t\t\t\t\t\t\t\t\t\t\t\t\t\t\t\t<span class=\"obfx-grid-date\">\n\t\t\t\t\t\t\t\t\t<i class=\"fa fa-calendar\"><\/i>19 August 2015\t\t\t\t\t\t\t\t<\/span>\n\t\t\t\t\t\t\t\t\n\t\t\t\t<\/div>\n\t\t\t\t\t\t\t<div class=\"entry-content obfx-grid-content\">\n\t\t\t\tBien \u00e9couter en classe R\u00e9ussir un examen est simple et \u00e7a en classe. \u00c9couter la mati\u00e8re qu\u2019enseigne le professeur, lui poser des questions en cas d\u2019incompr\u00e9hension, prendre des notes et&hellip;\t\t\t<\/div>\n\t\t\t\t\t\t<div class=\"obfx-grid-footer\">\n\t\t\t\t<a href=\"https:\/\/lamasad.com\/index.php\/2015\/08\/19\/comment-avoir-100-pour-100-des-chances-de-reussir-un-examen-avec-mention\/\"\n\t\t\t\t   title=\"Lire la suite\">Lire la suite<\/a>\n\t\t\t<\/div>\n\t\t\t<\/div><!-- .obfx-grid-col-content --><\/article><\/div><div class=\"obfx-grid-wrapper\"><article class=\"obfx-grid-col\">\t\t\t\t\t<div class=\"obfx-grid-col-image\">\n\t\t\t\t\t\t<a href=\"https:\/\/lamasad.com\/index.php\/2015\/07\/25\/le-piment-et-ses-vertus\/\" title=\"LE PIMENT ET SES VERTUS\">\n\t\t\t\t\t\t\t<img loading=\"lazy\" decoding=\"async\" width=\"571\" height=\"367\" src=\"https:\/\/lamasad.com\/wp-content\/uploads\/2015\/07\/PIMENTS-e1448566648618.jpg\" class=\"img-responsive wp-post-image\" alt=\"PIMENTS-e1448566648618\" srcset=\"https:\/\/lamasad.com\/wp-content\/uploads\/2015\/07\/PIMENTS-e1448566648618.jpg 571w, https:\/\/lamasad.com\/wp-content\/uploads\/2015\/07\/PIMENTS-e1448566648618-300x193.jpg 300w, https:\/\/lamasad.com\/wp-content\/uploads\/2015\/07\/PIMENTS-e1448566648618-24x15.jpg 24w, https:\/\/lamasad.com\/wp-content\/uploads\/2015\/07\/PIMENTS-e1448566648618-36x23.jpg 36w, https:\/\/lamasad.com\/wp-content\/uploads\/2015\/07\/PIMENTS-e1448566648618-48x31.jpg 48w\" sizes=\"(max-width: 571px) 100vw, 571px\" \/>\t\t\t\t\t\t<\/a>\n\t\t\t\t\t<\/div>\n\t\t\t\t<div class=\"obfx-grid-col-content\">\t\t\t<h2 class=\"entry-title obfx-grid-title\">\n\t\t\t\t\t\t\t<a href=\"https:\/\/lamasad.com\/index.php\/2015\/07\/25\/le-piment-et-ses-vertus\/\" title=\"LE PIMENT ET SES VERTUS\">\n\t\t\t\t\tLE PIMENT ET SES VERTUS\t\t\t\t<\/a>\n\t\t\t\t\t\t\t<\/h2>\n\t\t\t\t\t\t\t<div class=\"entry-meta obfx-grid-meta\">\n\n\t\t\t\t\t\t\t\t\t\t\t\t\t<span class=\"obfx-grid-author\">\n\t\t\t\t\t\t\t\t\t<i class=\"fa fa-user\"><\/i>MASAD2019\t\t\t\t\t\t\t\t<\/span>\n\t\t\t\t\t\t\t\t\t\t\t\t\t\t\t\t<span class=\"obfx-grid-date\">\n\t\t\t\t\t\t\t\t\t<i class=\"fa fa-calendar\"><\/i>25 July 2015\t\t\t\t\t\t\t\t<\/span>\n\t\t\t\t\t\t\t\t\n\t\t\t\t<\/div>\n\t\t\t\t\t\t\t<div class=\"entry-content obfx-grid-content\">\n\t\t\t\tIl y\u2019a plus de 70 ans que l\u2019homme utilise le piment, principalement comme condiment mais aussi comme un rem\u00e8de qui immunise l\u2019organisme humain contre les maladies de toutes natures.\t\t\t<\/div>\n\t\t\t\t\t\t<div class=\"obfx-grid-footer\">\n\t\t\t\t<a href=\"https:\/\/lamasad.com\/index.php\/2015\/07\/25\/le-piment-et-ses-vertus\/\"\n\t\t\t\t   title=\"Lire la suite\">Lire la suite<\/a>\n\t\t\t<\/div>\n\t\t\t<\/div><!-- .obfx-grid-col-content --><\/article><\/div><\/div><!-- .obfx-grid-container --><\/div><!-- .obfx-grid -->\t\t<\/div>\n\t\t\t\t<\/div>\n\t\t\t\t\t\t<\/div>\n\t\t\t\t\t<\/div>\n\t\t<\/div>\n\t\t\t\t\t\t\t\t<\/div>\n\t\t\t\t\t<\/div>\n\t\t<\/section>\n\t\t\t\t\t\t<\/div>\n\t\t\t\t\t\t<\/div>\n\t\t\t\t\t<\/div>\n\t\t","protected":false},"excerpt":{"rendered":"<p>LES CANCERS DU COL UTERIN ET DU SEIN, VERITABLES \u00ab TUEURS EN SERIES \u00bb MASAD2019 19 ao\u00fbt 2015 Les Cancers du col ut\u00e9rin et du sein sont caract\u00e9ris\u00e9s par leur d\u00e9couverte tardive chez des patients jeunes dans les pays \u00e0 faible revenu comme le n\u00f4tre. Lire la suite COMMENT AVOIR 100 POUR 100 DES CHANCES [&hellip;]<\/p>\n","protected":false},"author":1,"featured_media":0,"parent":0,"menu_order":0,"comment_status":"closed","ping_status":"closed","template":"","meta":{"_bbp_topic_count":0,"_bbp_reply_count":0,"_bbp_total_topic_count":0,"_bbp_total_reply_count":0,"_bbp_voice_count":0,"_bbp_anonymous_reply_count":0,"_bbp_topic_count_hidden":0,"_bbp_reply_count_hidden":0,"_bbp_forum_subforum_count":0,"amp_status":"","footnotes":""},"_links":{"self":[{"href":"https:\/\/lamasad.com\/index.php\/wp-json\/wp\/v2\/pages\/2090"}],"collection":[{"href":"https:\/\/lamasad.com\/index.php\/wp-json\/wp\/v2\/pages"}],"about":[{"href":"https:\/\/lamasad.com\/index.php\/wp-json\/wp\/v2\/types\/page"}],"author":[{"embeddable":true,"href":"https:\/\/lamasad.com\/index.php\/wp-json\/wp\/v2\/users\/1"}],"replies":[{"embeddable":true,"href":"https:\/\/lamasad.com\/index.php\/wp-json\/wp\/v2\/comments?post=2090"}],"version-history":[{"count":3,"href":"https:\/\/lamasad.com\/index.php\/wp-json\/wp\/v2\/pages\/2090\/revisions"}],"predecessor-version":[{"id":15257,"href":"https:\/\/lamasad.com\/index.php\/wp-json\/wp\/v2\/pages\/2090\/revisions\/15257"}],"wp:attachment":[{"href":"https:\/\/lamasad.com\/index.php\/wp-json\/wp\/v2\/media?parent=2090"}],"curies":[{"name":"wp","href":"https:\/\/api.w.org\/{rel}","templated":true}]}}