{"id":1866,"date":"2019-06-18T16:11:20","date_gmt":"2019-06-18T14:11:20","guid":{"rendered":"https:\/\/lamasad.com\/?page_id=1866"},"modified":"2025-05-02T19:21:32","modified_gmt":"2025-05-02T17:21:32","slug":"publi-sante","status":"publish","type":"page","link":"https:\/\/lamasad.com\/index.php\/publi-sante\/","title":{"rendered":"Publi-Sant\u00e9"},"content":{"rendered":"\t\t<div data-elementor-type=\"wp-post\" data-elementor-id=\"1866\" class=\"elementor elementor-1866\" data-elementor-settings=\"[]\">\n\t\t\t\t\t\t<div class=\"elementor-inner\">\n\t\t\t\t\t\t\t<div class=\"elementor-section-wrap\">\n\t\t\t\t\t\t\t<section class=\"elementor-section elementor-top-section elementor-element elementor-element-0d3bf1b elementor-section-boxed elementor-section-height-default elementor-section-height-default\" data-id=\"0d3bf1b\" data-element_type=\"section\">\n\t\t\t\t\t\t<div class=\"elementor-container elementor-column-gap-default\">\n\t\t\t\t\t\t\t<div class=\"elementor-row\">\n\t\t\t\t\t<div class=\"elementor-column elementor-col-100 elementor-top-column elementor-element elementor-element-56cc221\" data-id=\"56cc221\" data-element_type=\"column\">\n\t\t\t<div class=\"elementor-column-wrap elementor-element-populated\">\n\t\t\t\t\t\t\t<div class=\"elementor-widget-wrap\">\n\t\t\t\t\t\t<div class=\"elementor-element elementor-element-2aa5f78 elementor-widget elementor-widget-obfx-posts-grid\" data-id=\"2aa5f78\" data-element_type=\"widget\" data-widget_type=\"obfx-posts-grid.default\">\n\t\t\t\t<div class=\"elementor-widget-container\">\n\t\t\t<div class=\"obfx-grid\"><div class=\"obfx-grid-container obfx-grid-mobile-1 obfx-grid-tablet-2 obfx-grid-desktop-3\"><div class=\"obfx-grid-wrapper\"><article class=\"obfx-grid-col\">\t\t\t\t\t<div class=\"obfx-grid-col-image\">\n\t\t\t\t\t\t<a href=\"https:\/\/lamasad.com\/index.php\/2019\/10\/10\/comment-relaxer-et-exercer-ses-yeux\/\" title=\"Comment relaxer et exercer ses yeux ?\">\n\t\t\t\t\t\t\t<img loading=\"lazy\" decoding=\"async\" width=\"608\" height=\"342\" src=\"https:\/\/lamasad.com\/wp-content\/uploads\/2019\/10\/yeux.jpg\" class=\"img-responsive wp-post-image\" alt=\"yeux\" srcset=\"https:\/\/lamasad.com\/wp-content\/uploads\/2019\/10\/yeux.jpg 608w, https:\/\/lamasad.com\/wp-content\/uploads\/2019\/10\/yeux-300x169.jpg 300w, https:\/\/lamasad.com\/wp-content\/uploads\/2019\/10\/yeux-24x14.jpg 24w, https:\/\/lamasad.com\/wp-content\/uploads\/2019\/10\/yeux-36x20.jpg 36w, https:\/\/lamasad.com\/wp-content\/uploads\/2019\/10\/yeux-48x27.jpg 48w\" sizes=\"(max-width: 608px) 100vw, 608px\" \/>\t\t\t\t\t\t<\/a>\n\t\t\t\t\t<\/div>\n\t\t\t\t<div class=\"obfx-grid-col-content\">\t\t\t<h3 class=\"entry-title obfx-grid-title\">\n\t\t\t\t\t\t\t<a href=\"https:\/\/lamasad.com\/index.php\/2019\/10\/10\/comment-relaxer-et-exercer-ses-yeux\/\" title=\"Comment relaxer et exercer ses yeux ?\">\n\t\t\t\t\tComment relaxer et exercer ses yeux ?\t\t\t\t<\/a>\n\t\t\t\t\t\t\t<\/h3>\n\t\t\t\t\t\t\t<div class=\"entry-meta obfx-grid-meta\">\n\n\t\t\t\t\t\t\t\t\t\t\t\t\t<span class=\"obfx-grid-author\">\n\t\t\t\t\t\t\t\t\t<i class=\"fa fa-user\"><\/i>MASAD2019\t\t\t\t\t\t\t\t<\/span>\n\t\t\t\t\t\t\t\t\t\t\t\t\t\t\t\t<span class=\"obfx-grid-date\">\n\t\t\t\t\t\t\t\t\t<i class=\"fa fa-calendar\"><\/i>10 October 2019\t\t\t\t\t\t\t\t<\/span>\n\t\t\t\t\t\t\t\t\n\t\t\t\t<\/div>\n\t\t\t\t\t\t\t<div class=\"entry-content obfx-grid-content\">\n\t\t\t\tLa vue surement le sens le plus important et celui dont nous pouvons le plus facilement prendre soin. Nos yeux sont souvent soumis \u00e0 rude \u00e9preuve&nbsp;: t\u00e9l\u00e9vision, ordinateur, livre \u2026. Relaxer et exercer sa vue peut permettre de l\u2019am\u00e9liorer et&hellip;\t\t\t<\/div>\n\t\t\t\t\t\t<div class=\"obfx-grid-footer\">\n\t\t\t\t<a href=\"https:\/\/lamasad.com\/index.php\/2019\/10\/10\/comment-relaxer-et-exercer-ses-yeux\/\"\n\t\t\t\t   title=\"Lire la suite\">Lire la suite<\/a>\n\t\t\t<\/div>\n\t\t\t<\/div><!-- .obfx-grid-col-content --><\/article><\/div><div class=\"obfx-grid-wrapper\"><article class=\"obfx-grid-col\">\t\t\t\t\t<div class=\"obfx-grid-col-image\">\n\t\t\t\t\t\t<a href=\"https:\/\/lamasad.com\/index.php\/2019\/10\/10\/la-depigmentation-artificielle-un-probleme-de-sante-publique-elle-menace-avec-ses-complications-graves\/\" title=\"LA D\u00c9PIGMENTATION ARTIFICIELLE UN PROBL\u00c8ME DE SANTE PUBLIQUE, ELLE MENACE AVEC SES COMPLICATIONS GRAVES\">\n\t\t\t\t\t\t\t<img loading=\"lazy\" decoding=\"async\" width=\"282\" height=\"188\" src=\"https:\/\/lamasad.com\/wp-content\/uploads\/2019\/10\/depig.jpg\" class=\"img-responsive wp-post-image\" alt=\"depig\" srcset=\"https:\/\/lamasad.com\/wp-content\/uploads\/2019\/10\/depig.jpg 282w, https:\/\/lamasad.com\/wp-content\/uploads\/2019\/10\/depig-24x16.jpg 24w, https:\/\/lamasad.com\/wp-content\/uploads\/2019\/10\/depig-36x24.jpg 36w, https:\/\/lamasad.com\/wp-content\/uploads\/2019\/10\/depig-48x32.jpg 48w\" sizes=\"(max-width: 282px) 100vw, 282px\" \/>\t\t\t\t\t\t<\/a>\n\t\t\t\t\t<\/div>\n\t\t\t\t<div class=\"obfx-grid-col-content\">\t\t\t<h3 class=\"entry-title obfx-grid-title\">\n\t\t\t\t\t\t\t<a href=\"https:\/\/lamasad.com\/index.php\/2019\/10\/10\/la-depigmentation-artificielle-un-probleme-de-sante-publique-elle-menace-avec-ses-complications-graves\/\" title=\"LA D\u00c9PIGMENTATION ARTIFICIELLE UN PROBL\u00c8ME DE SANTE PUBLIQUE, ELLE MENACE AVEC SES COMPLICATIONS GRAVES\">\n\t\t\t\t\tLA D\u00c9PIGMENTATION ARTIFICIELLE UN PROBL\u00c8ME DE SANTE PUBLIQUE, ELLE MENACE AVEC SES COMPLICATIONS GRAVES\t\t\t\t<\/a>\n\t\t\t\t\t\t\t<\/h3>\n\t\t\t\t\t\t\t<div class=\"entry-meta obfx-grid-meta\">\n\n\t\t\t\t\t\t\t\t\t\t\t\t\t<span class=\"obfx-grid-author\">\n\t\t\t\t\t\t\t\t\t<i class=\"fa fa-user\"><\/i>MASAD2019\t\t\t\t\t\t\t\t<\/span>\n\t\t\t\t\t\t\t\t\t\t\t\t\t\t\t\t<span class=\"obfx-grid-date\">\n\t\t\t\t\t\t\t\t\t<i class=\"fa fa-calendar\"><\/i>10 October 2019\t\t\t\t\t\t\t\t<\/span>\n\t\t\t\t\t\t\t\t\n\t\t\t\t<\/div>\n\t\t\t\t\t\t\t<div class=\"entry-content obfx-grid-content\">\n\t\t\t\tLa d\u00e9pigmentation est un probl\u00e8me de sant\u00e9 publique en Afrique noire, car selon certaines \u00e9tudes, l\u2019utilisation des produits par les femmes africaines est observ\u00e9e depuis environ un quart de si\u00e8cle\t\t\t<\/div>\n\t\t\t\t\t\t<div class=\"obfx-grid-footer\">\n\t\t\t\t<a href=\"https:\/\/lamasad.com\/index.php\/2019\/10\/10\/la-depigmentation-artificielle-un-probleme-de-sante-publique-elle-menace-avec-ses-complications-graves\/\"\n\t\t\t\t   title=\"Lire la suite\">Lire la suite<\/a>\n\t\t\t<\/div>\n\t\t\t<\/div><!-- .obfx-grid-col-content --><\/article><\/div><div class=\"obfx-grid-wrapper\"><article class=\"obfx-grid-col\">\t\t\t\t\t<div class=\"obfx-grid-col-image\">\n\t\t\t\t\t\t<a href=\"https:\/\/lamasad.com\/index.php\/2019\/10\/10\/les-cephalees-ou-maux-de-tete-un-phenomene-de-sante\/\" title=\"LES C\u00c9PHAL\u00c9ES OU MAUX DE TETE, UN PH\u00c9NOM\u00c8NE DE SANTE\">\n\t\t\t\t\t\t\t<img loading=\"lazy\" decoding=\"async\" width=\"510\" height=\"340\" src=\"https:\/\/lamasad.com\/wp-content\/uploads\/2019\/10\/Cephalee-enfant.jpg\" class=\"img-responsive wp-post-image\" alt=\"Cephalee-enfant\" srcset=\"https:\/\/lamasad.com\/wp-content\/uploads\/2019\/10\/Cephalee-enfant.jpg 510w, https:\/\/lamasad.com\/wp-content\/uploads\/2019\/10\/Cephalee-enfant-300x200.jpg 300w, https:\/\/lamasad.com\/wp-content\/uploads\/2019\/10\/Cephalee-enfant-24x16.jpg 24w, https:\/\/lamasad.com\/wp-content\/uploads\/2019\/10\/Cephalee-enfant-36x24.jpg 36w, https:\/\/lamasad.com\/wp-content\/uploads\/2019\/10\/Cephalee-enfant-48x32.jpg 48w\" sizes=\"(max-width: 510px) 100vw, 510px\" \/>\t\t\t\t\t\t<\/a>\n\t\t\t\t\t<\/div>\n\t\t\t\t<div class=\"obfx-grid-col-content\">\t\t\t<h3 class=\"entry-title obfx-grid-title\">\n\t\t\t\t\t\t\t<a href=\"https:\/\/lamasad.com\/index.php\/2019\/10\/10\/les-cephalees-ou-maux-de-tete-un-phenomene-de-sante\/\" title=\"LES C\u00c9PHAL\u00c9ES OU MAUX DE TETE, UN PH\u00c9NOM\u00c8NE DE SANTE\">\n\t\t\t\t\tLES C\u00c9PHAL\u00c9ES OU MAUX DE TETE, UN PH\u00c9NOM\u00c8NE DE SANTE\t\t\t\t<\/a>\n\t\t\t\t\t\t\t<\/h3>\n\t\t\t\t\t\t\t<div class=\"entry-meta obfx-grid-meta\">\n\n\t\t\t\t\t\t\t\t\t\t\t\t\t<span class=\"obfx-grid-author\">\n\t\t\t\t\t\t\t\t\t<i class=\"fa fa-user\"><\/i>MASAD2019\t\t\t\t\t\t\t\t<\/span>\n\t\t\t\t\t\t\t\t\t\t\t\t\t\t\t\t<span class=\"obfx-grid-date\">\n\t\t\t\t\t\t\t\t\t<i class=\"fa fa-calendar\"><\/i>10 October 2019\t\t\t\t\t\t\t\t<\/span>\n\t\t\t\t\t\t\t\t\n\t\t\t\t<\/div>\n\t\t\t\t\t\t\t<div class=\"entry-content obfx-grid-content\">\n\t\t\t\tMalgr\u00e9 leur apparente banalit\u00e9, les c\u00e9phal\u00e9es posent de s\u00e9rieux probl\u00e8mes non seulement au malades lui-m\u00eame qui soufre et craint une maladie, mais aussi personnel de sant\u00e9 qui soigne.\t\t\t<\/div>\n\t\t\t\t\t\t<div class=\"obfx-grid-footer\">\n\t\t\t\t<a href=\"https:\/\/lamasad.com\/index.php\/2019\/10\/10\/les-cephalees-ou-maux-de-tete-un-phenomene-de-sante\/\"\n\t\t\t\t   title=\"Lire la suite\">Lire la suite<\/a>\n\t\t\t<\/div>\n\t\t\t<\/div><!-- .obfx-grid-col-content --><\/article><\/div><div class=\"obfx-grid-wrapper\"><article class=\"obfx-grid-col\">\t\t\t\t\t<div class=\"obfx-grid-col-image\">\n\t\t\t\t\t\t<a href=\"https:\/\/lamasad.com\/index.php\/2019\/10\/10\/lail-depuis-la-nuit-des-temps-sert-de-remede-a-un-grand-nombre-de-maux\/\" title=\"L\u2019AIL DEPUIS LA NUIT DES TEMPS SERT DE REM\u00c8DE A UN GRAND NOMBRE DE MAUX\">\n\t\t\t\t\t\t\t<img loading=\"lazy\" decoding=\"async\" width=\"729\" height=\"486\" src=\"https:\/\/lamasad.com\/wp-content\/uploads\/2019\/10\/Lail-previent-maladie-taches-noires-rosiers-renforcant-parfum_0_729_486.jpg\" class=\"img-responsive wp-post-image\" alt=\"Lail-previent-maladie-taches-noires-rosiers-renforcant-parfum_0_729_486\" srcset=\"https:\/\/lamasad.com\/wp-content\/uploads\/2019\/10\/Lail-previent-maladie-taches-noires-rosiers-renforcant-parfum_0_729_486.jpg 729w, https:\/\/lamasad.com\/wp-content\/uploads\/2019\/10\/Lail-previent-maladie-taches-noires-rosiers-renforcant-parfum_0_729_486-300x200.jpg 300w, https:\/\/lamasad.com\/wp-content\/uploads\/2019\/10\/Lail-previent-maladie-taches-noires-rosiers-renforcant-parfum_0_729_486-24x16.jpg 24w, https:\/\/lamasad.com\/wp-content\/uploads\/2019\/10\/Lail-previent-maladie-taches-noires-rosiers-renforcant-parfum_0_729_486-36x24.jpg 36w, https:\/\/lamasad.com\/wp-content\/uploads\/2019\/10\/Lail-previent-maladie-taches-noires-rosiers-renforcant-parfum_0_729_486-48x32.jpg 48w\" sizes=\"(max-width: 729px) 100vw, 729px\" \/>\t\t\t\t\t\t<\/a>\n\t\t\t\t\t<\/div>\n\t\t\t\t<div class=\"obfx-grid-col-content\">\t\t\t<h3 class=\"entry-title obfx-grid-title\">\n\t\t\t\t\t\t\t<a href=\"https:\/\/lamasad.com\/index.php\/2019\/10\/10\/lail-depuis-la-nuit-des-temps-sert-de-remede-a-un-grand-nombre-de-maux\/\" title=\"L\u2019AIL DEPUIS LA NUIT DES TEMPS SERT DE REM\u00c8DE A UN GRAND NOMBRE DE MAUX\">\n\t\t\t\t\tL\u2019AIL DEPUIS LA NUIT DES TEMPS SERT DE REM\u00c8DE A UN GRAND NOMBRE DE MAUX\t\t\t\t<\/a>\n\t\t\t\t\t\t\t<\/h3>\n\t\t\t\t\t\t\t<div class=\"entry-meta obfx-grid-meta\">\n\n\t\t\t\t\t\t\t\t\t\t\t\t\t<span class=\"obfx-grid-author\">\n\t\t\t\t\t\t\t\t\t<i class=\"fa fa-user\"><\/i>MASAD2019\t\t\t\t\t\t\t\t<\/span>\n\t\t\t\t\t\t\t\t\t\t\t\t\t\t\t\t<span class=\"obfx-grid-date\">\n\t\t\t\t\t\t\t\t\t<i class=\"fa fa-calendar\"><\/i>10 October 2019\t\t\t\t\t\t\t\t<\/span>\n\t\t\t\t\t\t\t\t\n\t\t\t\t<\/div>\n\t\t\t\t\t\t\t<div class=\"entry-content obfx-grid-content\">\n\t\t\t\tL\u2019ail est originaire d\u2019Asie Centrale. On pense qu\u2019il d\u00e9rive de l\u2019esp\u00e8ce asiatique Allium longicuspis. Il est utilis\u00e9 depuis 5 000 ans. On a retrouv\u00e9 des gousses d\u2019ail en argile datant de 3 750 ans avant J-C.\t\t\t<\/div>\n\t\t\t\t\t\t<div class=\"obfx-grid-footer\">\n\t\t\t\t<a href=\"https:\/\/lamasad.com\/index.php\/2019\/10\/10\/lail-depuis-la-nuit-des-temps-sert-de-remede-a-un-grand-nombre-de-maux\/\"\n\t\t\t\t   title=\"Lire la suite\">Lire la suite<\/a>\n\t\t\t<\/div>\n\t\t\t<\/div><!-- .obfx-grid-col-content --><\/article><\/div><div class=\"obfx-grid-wrapper\"><article class=\"obfx-grid-col\">\t\t\t\t\t<div class=\"obfx-grid-col-image\">\n\t\t\t\t\t\t<a href=\"https:\/\/lamasad.com\/index.php\/2015\/09\/04\/un-petit-pas-dans-lassiette-un-grand-pas-pour-la-sante\/\" title=\"UN PETIT PAS DANS L&#8217;ASSIETTE, UN GRAND PAS POUR LA SANTE\">\n\t\t\t\t\t\t\t<img loading=\"lazy\" decoding=\"async\" width=\"275\" height=\"183\" src=\"https:\/\/lamasad.com\/wp-content\/uploads\/2015\/09\/F2.jpg\" class=\"img-responsive wp-post-image\" alt=\"F2\" \/>\t\t\t\t\t\t<\/a>\n\t\t\t\t\t<\/div>\n\t\t\t\t<div class=\"obfx-grid-col-content\">\t\t\t<h3 class=\"entry-title obfx-grid-title\">\n\t\t\t\t\t\t\t<a href=\"https:\/\/lamasad.com\/index.php\/2015\/09\/04\/un-petit-pas-dans-lassiette-un-grand-pas-pour-la-sante\/\" title=\"UN PETIT PAS DANS L&#8217;ASSIETTE, UN GRAND PAS POUR LA SANTE\">\n\t\t\t\t\tUN PETIT PAS DANS L&#8217;ASSIETTE, UN GRAND PAS POUR LA SANTE\t\t\t\t<\/a>\n\t\t\t\t\t\t\t<\/h3>\n\t\t\t\t\t\t\t<div class=\"entry-meta obfx-grid-meta\">\n\n\t\t\t\t\t\t\t\t\t\t\t\t\t<span class=\"obfx-grid-author\">\n\t\t\t\t\t\t\t\t\t<i class=\"fa fa-user\"><\/i>MASAD2019\t\t\t\t\t\t\t\t<\/span>\n\t\t\t\t\t\t\t\t\t\t\t\t\t\t\t\t<span class=\"obfx-grid-date\">\n\t\t\t\t\t\t\t\t\t<i class=\"fa fa-calendar\"><\/i>4 September 2015\t\t\t\t\t\t\t\t<\/span>\n\t\t\t\t\t\t\t\t\n\t\t\t\t<\/div>\n\t\t\t\t\t\t\t<div class=\"entry-content obfx-grid-content\">\n\t\t\t\tDe simples changements dans vos habitudes peuvent vous sauver la vie ! C'est simple, selon l'\u00e9tude interhealth study, il suffit de manger plus de fruits et l\u00e9gumes pour faire baisser de 300\/0 les risques cardiovasculaires\t\t\t<\/div>\n\t\t\t\t\t\t<div class=\"obfx-grid-footer\">\n\t\t\t\t<a href=\"https:\/\/lamasad.com\/index.php\/2015\/09\/04\/un-petit-pas-dans-lassiette-un-grand-pas-pour-la-sante\/\"\n\t\t\t\t   title=\"Lire la suite\">Lire la suite<\/a>\n\t\t\t<\/div>\n\t\t\t<\/div><!-- .obfx-grid-col-content --><\/article><\/div><div class=\"obfx-grid-wrapper\"><article class=\"obfx-grid-col\">\t\t\t\t\t<div class=\"obfx-grid-col-image\">\n\t\t\t\t\t\t<a href=\"https:\/\/lamasad.com\/index.php\/2015\/09\/04\/hygiene-des-mains-une-pratique-a-encourager\/\" title=\"HYGI\u00c8NE DES MAINS UNE PRATIQUE \u00c0 ENCOURAGER\">\n\t\t\t\t\t\t\t<img loading=\"lazy\" decoding=\"async\" width=\"321\" height=\"157\" src=\"https:\/\/lamasad.com\/wp-content\/uploads\/2015\/09\/hm2.jpg\" class=\"img-responsive wp-post-image\" alt=\"hm2\" srcset=\"https:\/\/lamasad.com\/wp-content\/uploads\/2015\/09\/hm2.jpg 321w, https:\/\/lamasad.com\/wp-content\/uploads\/2015\/09\/hm2-300x147.jpg 300w\" sizes=\"(max-width: 321px) 100vw, 321px\" \/>\t\t\t\t\t\t<\/a>\n\t\t\t\t\t<\/div>\n\t\t\t\t<div class=\"obfx-grid-col-content\">\t\t\t<h3 class=\"entry-title obfx-grid-title\">\n\t\t\t\t\t\t\t<a href=\"https:\/\/lamasad.com\/index.php\/2015\/09\/04\/hygiene-des-mains-une-pratique-a-encourager\/\" title=\"HYGI\u00c8NE DES MAINS UNE PRATIQUE \u00c0 ENCOURAGER\">\n\t\t\t\t\tHYGI\u00c8NE DES MAINS UNE PRATIQUE \u00c0 ENCOURAGER\t\t\t\t<\/a>\n\t\t\t\t\t\t\t<\/h3>\n\t\t\t\t\t\t\t<div class=\"entry-meta obfx-grid-meta\">\n\n\t\t\t\t\t\t\t\t\t\t\t\t\t<span class=\"obfx-grid-author\">\n\t\t\t\t\t\t\t\t\t<i class=\"fa fa-user\"><\/i>MASAD2019\t\t\t\t\t\t\t\t<\/span>\n\t\t\t\t\t\t\t\t\t\t\t\t\t\t\t\t<span class=\"obfx-grid-date\">\n\t\t\t\t\t\t\t\t\t<i class=\"fa fa-calendar\"><\/i>4 September 2015\t\t\t\t\t\t\t\t<\/span>\n\t\t\t\t\t\t\t\t\n\t\t\t\t<\/div>\n\t\t\t\t\t\t\t<div class=\"entry-content obfx-grid-content\">\n\t\t\t\tL'hygi\u00e8ne des mains est un des \u00e9l\u00e9ments de l'hygi\u00e8ne de la vie quotidienne. La pratique de l'hygi\u00e8ne des mains, plus simplement d\u00e9sign\u00e9 par \u00ab lavage des mains \u00bb consiste en l'application d'une s\u00e9ne de mesure destin\u00e9e \u00e0 assurer la propret\u00e9&hellip;\t\t\t<\/div>\n\t\t\t\t\t\t<div class=\"obfx-grid-footer\">\n\t\t\t\t<a href=\"https:\/\/lamasad.com\/index.php\/2015\/09\/04\/hygiene-des-mains-une-pratique-a-encourager\/\"\n\t\t\t\t   title=\"Lire la suite\">Lire la suite<\/a>\n\t\t\t<\/div>\n\t\t\t<\/div><!-- .obfx-grid-col-content --><\/article><\/div>\t\t\t\t<div class=\"obfx-grid-pagination\">\n\t\t\t\t\t\t\t\t\t\t<nav class=\"pagination\">\n\t\t\t\t\t\t<span aria-current=\"page\" class=\"page-numbers current\">1<\/span>\n<a class=\"page-numbers\" href=\"https:\/\/lamasad.com\/index.php\/wp-json\/wp\/v2\/pages\/1866\/page\/2\/\">2<\/a>\n<a class=\"next page-numbers\" href=\"https:\/\/lamasad.com\/index.php\/wp-json\/wp\/v2\/pages\/1866\/page\/2\/\">Next<\/a>\t\t\t\t\t<\/nav>\n\t\t\t\t<\/div>\n\t\t\t\t<\/div><!-- .obfx-grid-container --><\/div><!-- .obfx-grid -->\t\t<\/div>\n\t\t\t\t<\/div>\n\t\t\t\t\t\t<\/div>\n\t\t\t\t\t<\/div>\n\t\t<\/div>\n\t\t\t\t\t\t\t\t<\/div>\n\t\t\t\t\t<\/div>\n\t\t<\/section>\n\t\t\t\t<section class=\"elementor-section elementor-top-section elementor-element elementor-element-cfe0092 elementor-section-boxed elementor-section-height-default elementor-section-height-default\" data-id=\"cfe0092\" data-element_type=\"section\">\n\t\t\t\t\t\t<div class=\"elementor-container elementor-column-gap-default\">\n\t\t\t\t\t\t\t<div class=\"elementor-row\">\n\t\t\t\t\t<div class=\"elementor-column elementor-col-50 elementor-top-column elementor-element elementor-element-40f81b0\" data-id=\"40f81b0\" data-element_type=\"column\">\n\t\t\t<div class=\"elementor-column-wrap elementor-element-populated\">\n\t\t\t\t\t\t\t<div class=\"elementor-widget-wrap\">\n\t\t\t\t\t\t<div class=\"elementor-element elementor-element-d03da6b elementor--star-style-star_fontawesome elementor-widget elementor-widget-star-rating\" data-id=\"d03da6b\" data-element_type=\"widget\" data-widget_type=\"star-rating.default\">\n\t\t\t\t<div class=\"elementor-widget-container\">\n\t\t\t\n\t\t<div class=\"elementor-star-rating__wrapper\">\n\t\t\t\t\t\t\t<div class=\"elementor-star-rating__title\">Notez Nos Publications<\/div>\n\t\t\t\t\t\t<div class=\"elementor-star-rating\" title=\"5\/5\" itemtype=\"http:\/\/schema.org\/Rating\" itemscope=\"\" itemprop=\"reviewRating\"><i class=\"elementor-star-full\">&#xE934;<\/i><i class=\"elementor-star-full\">&#xE934;<\/i><i class=\"elementor-star-full\">&#xE934;<\/i><i class=\"elementor-star-full\">&#xE934;<\/i><i class=\"elementor-star-full\">&#xE934;<\/i> <span itemprop=\"ratingValue\" class=\"elementor-screen-only\">5\/5<\/span><\/div>\t\t<\/div>\n\t\t\t\t<\/div>\n\t\t\t\t<\/div>\n\t\t\t\t\t\t<\/div>\n\t\t\t\t\t<\/div>\n\t\t<\/div>\n\t\t\t\t<div class=\"elementor-column elementor-col-50 elementor-top-column elementor-element elementor-element-8c93c5c\" data-id=\"8c93c5c\" data-element_type=\"column\">\n\t\t\t<div class=\"elementor-column-wrap\">\n\t\t\t\t\t\t\t<div class=\"elementor-widget-wrap\">\n\t\t\t\t\t\t\t\t<\/div>\n\t\t\t\t\t<\/div>\n\t\t<\/div>\n\t\t\t\t\t\t\t\t<\/div>\n\t\t\t\t\t<\/div>\n\t\t<\/section>\n\t\t\t\t\t\t<\/div>\n\t\t\t\t\t\t<\/div>\n\t\t\t\t\t<\/div>\n\t\t","protected":false},"excerpt":{"rendered":"<p>UN PETIT PAS DANS L&#8217;ASSIETTE, UN GRAND PAS POUR LA SANTE MASAD2019 4 septembre 2015 De simples changements dans vos habitudes peuvent vous sauver la vie ! C&#8217;est simple, selon l&#8217;\u00e9tude interhealth study, il suffit de manger plus de fruits et l\u00e9gumes pour faire baisser de 300\/0 les risques cardiovasculaires Lire la suite HYGI\u00c8NE DES [&hellip;]<\/p>\n","protected":false},"author":1,"featured_media":0,"parent":0,"menu_order":0,"comment_status":"closed","ping_status":"closed","template":"","meta":{"_bbp_topic_count":0,"_bbp_reply_count":0,"_bbp_total_topic_count":0,"_bbp_total_reply_count":0,"_bbp_voice_count":0,"_bbp_anonymous_reply_count":0,"_bbp_topic_count_hidden":0,"_bbp_reply_count_hidden":0,"_bbp_forum_subforum_count":0,"amp_status":"","footnotes":""},"_links":{"self":[{"href":"https:\/\/lamasad.com\/index.php\/wp-json\/wp\/v2\/pages\/1866"}],"collection":[{"href":"https:\/\/lamasad.com\/index.php\/wp-json\/wp\/v2\/pages"}],"about":[{"href":"https:\/\/lamasad.com\/index.php\/wp-json\/wp\/v2\/types\/page"}],"author":[{"embeddable":true,"href":"https:\/\/lamasad.com\/index.php\/wp-json\/wp\/v2\/users\/1"}],"replies":[{"embeddable":true,"href":"https:\/\/lamasad.com\/index.php\/wp-json\/wp\/v2\/comments?post=1866"}],"version-history":[{"count":6,"href":"https:\/\/lamasad.com\/index.php\/wp-json\/wp\/v2\/pages\/1866\/revisions"}],"predecessor-version":[{"id":15218,"href":"https:\/\/lamasad.com\/index.php\/wp-json\/wp\/v2\/pages\/1866\/revisions\/15218"}],"wp:attachment":[{"href":"https:\/\/lamasad.com\/index.php\/wp-json\/wp\/v2\/media?parent=1866"}],"curies":[{"name":"wp","href":"https:\/\/api.w.org\/{rel}","templated":true}]}}